{"id":21998,"date":"2022-06-08T09:14:46","date_gmt":"2022-06-08T09:14:46","guid":{"rendered":"https:\/\/blackswanhostels.com\/privacy-policy\/"},"modified":"2024-11-27T11:48:04","modified_gmt":"2024-11-27T11:48:04","slug":"politica-de-privacidad","status":"publish","type":"page","link":"https:\/\/blackswanhostels.com\/es\/politica-de-privacidad\/","title":{"rendered":"Pol\u00edtica de Privacidad"},"content":{"rendered":"\n<p>&#8211; Objetivo de la pol\u00edtica de privacidad<br>CHICSTAYS S.L. Informa a los usuarios que cumple con la normativa vigente sobre materia de protecci\u00f3n de datos, y especialmente con el REGLAMENTO EUROPEO DE PROTECCI\u00d3N DE DATOS. REGLAMENTO (UE) 2016\/679 DEL PARLAMENTO EUROPEO Y DEL CONSEJO de 25 de Mayo de 2016.<br><br>Titular: CHICSTAYS S.L. a partir de ahora LA EMPRESA<br>Direccion: Carrer Bailen 3, pal, 08010 BARCELONA<br>E-mail: <a href=\"mailto:info@chicstays.com\"><u>info@chicstays.com<\/u><br><\/a>Tel\u00e9fono: 930505010<br>C.I.F. B65121618<br>Web: https:\/\/www.blackswanhostels.com<br><br>Conforme a lo dispuesto en la normativa vigente, LA EMPRESA, s\u00f3lo recoge los datos estrictamente necesarios para ofrecer los servicios derivados de su actividad y otras prestaciones, servicios y\/o actividades atribuidas por la Ley.<br>La presente pol\u00edtica de protecci\u00f3n de datos personales puede variar con el tiempo debido a posibles cambios en la legislaci\u00f3n, jurisprudencia o a los criterios seguidos por la Agencia Espa\u00f1ola de protecci\u00f3n de datos o la autoridad competente en todo momento. Es por ello que LA EMPRESA se reserva el derecho de modificar esta pol\u00edtica de privacidad para adaptarla a novedades legislativas o jurisprudenciales que se encuentren vigentes en el momento preciso del acceso a los sitios web, as\u00ed como a pr\u00e1cticas del sector.<br>En dicho caso LA EMPRESA anunciar\u00e1, en esta p\u00e1gina los cambios introducidos con suficiente antelaci\u00f3n, antes de ponerlos en pr\u00e1ctica.<br><br>CONFIDENCIALIDAD<br><br>Todos los datos de car\u00e1cter personal, suministrados por correo electr\u00f3nico o formularios de cualquier tipo ser\u00e1n tratados seg\u00fan la normativa vigente (REGLAMENTO (UE) 2016\/679 DEL PARLAMENTO EUROPEO Y DEL CONSEJO de 25 de Mayo de 2016) sobre protecci\u00f3n de datos de car\u00e1cter personal, y en cualquier caso, tendr\u00e1n el car\u00e1cter de confidencial por el personal deLA EMPRESA que administre esta informaci\u00f3n.<br><br>INFORMACI\u00d3N SOBRE LA VOLUNTAD DE CEDER LOS DATOS YSUS CONSECUENCIAS<br>VOLUNTARIEDAD<br><br>Se informa a los usuarios de los sitios web que las respuestas a las preguntas planteadas en los formularios de recogida de datos contenidos en la presente web son voluntarias, mientras que la negativa a suministrar los datos solicitados pueden implicar una denegaci\u00f3n de acceso a los servicios que lo requieran.<br><br>CONSECUENCIA<br><br>Mediante la realizaci\u00f3n de los formularios incluidos en los diferentes websites relacionados a los servicios ofrecidos por LA EMPRESA, los usuarios aceptan la inclusi\u00f3n y tratamiento de los datos facilitados en un fichero de datos de car\u00e1cter personal, que es administrado por LA EMPRESA, pudiendo ejercer los derechos pertinentes seg\u00fan la siguiente cl\u00e1usula.<br><br>INFORMACION PARA EL USUARIO ACERCA DE LOS DERECHOS DE RECTIFICACI\u00d3N, ACCESO, OPOSICI\u00d3N, CANCELACI\u00d3N DE SUS DATOS, INFORMACION, SUPRESION, LIMITACION Y PORTABILIDAD.<br><br>Los usuarios pueden ejercitar, respecto de los datos recabados, en la forma descrita punto anterior, los derechos reconocidos en el REGLAMENTO EUROPEO DE PROTECCI\u00d3N DE DATOS. REGLAMENTO (UE) 2016\/679 y en particular los derechos de acceso, rectificaci\u00f3n, oposici\u00f3n, cancelaci\u00f3n de los datos, informaci\u00f3n, supresi\u00f3n y portabilidad. Cualquier usuario puede ejercer los derechos mencionados en el p\u00e1rrafo anterior, mediante solicitud escrita y firmada, acompa\u00f1ada de fotocopia del DNI o pasaporte, a la direcci\u00f3n de LA EMPRESA<br>Al mismo tiempo, si un usuario no desea recibir informaci\u00f3n v\u00eda correo electr\u00f3nico o por cualquier otro medio, podr\u00e1 comunic\u00e1rnoslo por cualquier medio con acuse de recibo, a la empresa, a la direcci\u00f3n indicada, o mediante la devoluci\u00f3n de nuestro correo con la palabra baja.<br><br>INFORMACI\u00d3N SOBRE LOS DATOS QUE SE CONSERVAN, DURANTE CU\u00c1NTO TIEMPO Y CON QU\u00c9 FINALIDAD<br>DATOS QUE SE CONSERVAN<br><br>Exclusivamente datos de contacto (car\u00e1cter b\u00e1sico), como su nombre, apellido y correo electr\u00f3nico. Esta informaci\u00f3n es recibida por LA EMPRESA y nunca se vende, transfiere o se arrienda a otras empresas, exceptuando el caso l\u00f3gico para la prestaci\u00f3n del servicio.<br>LA EMPRESA es responsable de estos ficheros de datos de car\u00e1cter personal, creados por y para LA EMPRESA con la finalidad de realizar el mantenimiento y gesti\u00f3n de la relaci\u00f3n con los usuarios, informaci\u00f3n y distribuci\u00f3n de productos de organizaci\u00f3n, as\u00ed como la realizaci\u00f3n de actividades diversas.<br><br>CON QU\u00c9 FINALIDAD<br><br>As\u00ed mismo le informamos que la informaci\u00f3n de las bases de datos podr\u00e1 ser usada para la identificaci\u00f3n de usuarios y para realizar estudios estad\u00edsticos de los usuarios registrados.<br>Durante el proceso de recopilaci\u00f3n de datos y siempre que se soliciten datos, los usuarios ser\u00e1n informados del car\u00e1cter obligatorio o voluntario de la recogida de datos y, en algunos casos de la necesidad de aplicar dichos datos para el acceso de los usuarios a determinados contenidos de la Web.<br>En su caso, se les pedir\u00e1 a los usuarios autorizaci\u00f3n para que LA EMPRESA pueda hacer uso de sus datos para enviarle informaci\u00f3n relativa a la entidad, las actividades realizadas u otros temas relacionados.<br><br>COMPROMISO DE LOS USUARIOS PARA QUE SUS DATOS ESTEN INSCRITOS EN UN FICHERO<br><br>Introducir datos en una o algunas de las hojas de captaci\u00f3n de datos implica la aceptaci\u00f3n de estos t\u00e9rminos de uso y pol\u00edtica de privacidad, dando a entender que ha sido informado de las condiciones de uso y aviso legal para el mismo y se compromete a su entero cumplimiento durante la navegaci\u00f3n y participaci\u00f3n en nuestra web.<br><br>EVITAR LA TRANSMISI\u00d3N DE DATOS A TERCERAS EMPRESAS SIN CONSENTIMIENTO EXPRESO DEL USUARIO<br><br>As\u00ed mismo y aunque el usuario haya sido informado de la posible existencia de cesiones de datos personales a terceros, y se haya recabado su consentimiento a estas cesiones, en ning\u00fan caso, excepto en los cubiertos por la legislaci\u00f3n vigente, ning\u00fan tercero ajeno a LA EMPRESA tendr\u00e1 acceso, sin el consentimiento de los usuario a sus datos personales y\/o de navegaci\u00f3n. En los dem\u00e1s casos la empresa colaborar\u00e1 para que estos terceros cumplan con la legislaci\u00f3n vigente, no obstante responsabilidad ser\u00e1 exigible al tercero citado.<br>LA EMPRESA no vende, alquila o cede los datos personales de los usuarios de este sitio web, a excepci\u00f3n del caso que sea necesario para la propia prestaci\u00f3n del servicio.<br>LA EMPRESA no vende, alquila o cede los correos electr\u00f3nicos de sus usuarios a otras empresas, exceptuando el caso que sea necesario para la propia prestaci\u00f3n del servicio.<br><br>BAJA DE LA LISTA DE DISTRIBUCI\u00d3N DE INFORMACI\u00d3N<br><br>Ocasionalmente LA EMPRESA env\u00eda un email notificando novedades u ofertas que puedan producirse en este sitio Web de LA EMPRESA.<br>En cualquier momento pueden darse de baja enviando un correo electr\u00f3nico a nuestro e-mail con la palabra baja en el apartado asunto.<br><br>RESPONSABILIDAD DE LOS USUARIOS PARA SU USO Y CONTENIDO<br><br>Tanto el acceso a los sitios web como el uso que pueda hacerse de la informaci\u00f3n y contenidos incluidos en ellos, ser\u00e1 responsabilidad exclusiva del usuario.<br>Por lo tanto, el uso que puede hacerse de la informaci\u00f3n, im\u00e1genes, contenidos y\/o productos accesibles a trav\u00e9s de la p\u00e1gina web est\u00e1 sujeta a la ley, nacional o internacional, as\u00ed como los principios de buena fe y uso l\u00edcito por los usuarios, que ser\u00e1 totalmente responsable por el acceso y el uso adecuado.<br>Los usuarios estar\u00e1n obligados a hacer un uso razonable de los servicios o contenidos, bajo el principio de buena fe y con respeto a la legislaci\u00f3n, la moralidad, orden p\u00fablico, buenas costumbres, los derechos de terceros o de la empresa, todo ello seg\u00fan las posibilidades y fines para los cuales fueron concebidos dichos servicios o contenidos.<br><br>LA EMPRESA no asume ninguna responsabilidad, directa o indirectamente, por da\u00f1o emergente o lucro cesante, derivado del mal uso del servicio o contenidos realizados por los usuarios o terceros.<br>INFORMACI\u00d3N LSSI-CE<br>En cumplimiento del deber de informaci\u00f3n contemplado en el art\u00edculo 10 de la vigente Ley 34\/2002, del 11 de Julio, de Servicios de la Sociedad de la Informaci\u00f3n y del Comercio Electr\u00f3nico, le comunicamos que el responsable de la web, desde donde se pueden disponer de diferentes aplicaciones es:<br><br>Titular: CHICSTAYS S.L. a partir de ahora LA EMPRESA<br>Direccion: Carrer Bailen 3, pal, 08010 BARCELONA<br>E-mail: <a href=\"mailto:info@chicstays.com\"><u>info@chicstays.com<\/u><br><\/a>Tel\u00e9fono: 930505010<br>C.I.F. B65121618<br>Web: https:\/\/www.blackswanhostels.com<br><br>CONCEPTO DE USUARIO<br><br>La utilizaci\u00f3n de la web le atribuye la condici\u00f3n de usuario, e implica la aceptaci\u00f3n plena y sin reservas de todas y cada una de las disposiciones incluidas en este Aviso Legal en la versi\u00f3n publicada por La Empresa en el mismo momento que el usuario accede a la web. En consecuencia, el usuario ha de leer atentamente el presente Aviso Legal en cada una de las ocasiones que se proponga utilizar la web, ya que puede haber modificaciones.<br>INFORMACI\u00d3N SOBRE LOS LINKS<br>La Empresa no se hace responsable de las webs no propias, a las cuales se puede acceder mediante v\u00ednculos \u201clinks\u201d o desde cualquier contenido puesto a su disposici\u00f3n por terceros.<br>Cualquier uso de un acceso a una web, no propia, se realiza por voluntad y riesgo exclusivo del usuario y La Empresa no recomienda ni garantiza ninguna informaci\u00f3n obtenida a trav\u00e9s de un v\u00ednculo ajeno. La Empresa, no se responsabiliza de p\u00e9rdida alguna, reclamaci\u00f3n o perjuicio derivado de su uso o mal uso de un v\u00ednculo, o de la informaci\u00f3n obtenida a trav\u00e9s de \u00e9l, de la interrupci\u00f3n en el servicio o en el acceso, o del intento de usar mal un v\u00ednculo, tanto al contactar a la web de La Empresa, como al acceder a la informaci\u00f3n de otras webs desde la web de La Empresa.<br><br>RENUNCIA Y LIMITACI\u00d3N DE LA RESPONSABILIDAD<br><br>La informaci\u00f3n y servicios incluidos o disponibles a trav\u00e9s de las p\u00e1ginas webs pueden incluir incorrecciones o errores tipogr\u00e1ficos.<br>De forma peri\u00f3dica se incorporaran cambios a la informaci\u00f3n contenida.<br>La Empresa puede introducir en cualquier momento mejoras y\/o cambios en los servicios o contenidos.<br>La Empresa ha obtenido informaci\u00f3n y los materiales incluidos en la web de fuentes consideradas como fiables, pero si bien se han tomado las medidas correspondientes para asegurar que la informaci\u00f3n contenida sea correcta, no garantiza que sea exacta o este actualizada.<br>Tambi\u00e9n se advierte que los contenidos de esta web, tiene finalidad informativa en cuanto a calidad, situaci\u00f3n, alojamiento, servicios y tarifas de La Empresa.<br>INFORMACI\u00d3N SOBRE LA EXENCI\u00d3N DE TODA LA RESPONSABILIDAD DERIVADA DE UNA FALLIDA T\u00c9CNICA Y\/O DE CONTENIDO<br>La Empresa declina cualquier responsabilidad en caso de existir interrupciones o un mal funcionamiento del servicio o contenido ofertado en Internet, cualquiera que sea su causa. As\u00ed mismo, La Empresano se hace responsable por ca\u00eddas de la red, perdidas de negocio a consecuencia de estas ca\u00eddas, suspensiones temporales de fluido el\u00e9ctrico, o cualquier tipo de da\u00f1o indirecto que le pudiera causar a los usuarios por causas ajenas a La Empresa.<br>La Empresa no declara ni garantiza que los servicios o contenidos sean ininterrumpidos o que est\u00e9n libres de errores, que los defectos sean corregidos, o que el servicio o servidor que lo haya puesto a disposici\u00f3n est\u00e9n libres de virus u otros componentes nocivos, sin perjuicio de que La Empresa realiza sus mejores esfuerzos para evitar estos tipos de incidentes.<br>En caso que el usuario tome determinados decisiones o realice acciones con base a la informaci\u00f3n incluida en cualquiera de las websites, se recomienda la comprobaci\u00f3n de la informaci\u00f3n recibida con otras fuentes.<br><br>PROPIEDAD INDUSTRIAL E INTELECTUAL<br><br>Los contenidos prestados por La Empresa, as\u00ed como los contenidos colgados en la red a trav\u00e9s de sus p\u00e1ginas web, constituyen una obra seg\u00fan la legislaci\u00f3n sobre propiedad intelectual, por lo tanto se encuentra protegidas por las leyes y convenios internacionales aplicables en la materia.<br>Queda prohibida cualquier forma de reproducci\u00f3n, distribuci\u00f3n, comunicaci\u00f3n p\u00fablica, transformaci\u00f3n, puesta a disposici\u00f3n y en general, cualquier otro acto de explotaci\u00f3n p\u00fablica referida tanto a las p\u00e1ginas web como a su contenido e informaci\u00f3n, sin el expreso y previo consentimiento y por escrito de La Empresa.<br>En consecuencia, todos los contenidos que se muestran en los diferentes websites y especialmente dise\u00f1os, textos, gr\u00e1ficos, logotipos, iconos, botones, programas, nombres comerciales, marcas, dibujos industriales, cualquier otro signo susceptible de utilizaci\u00f3n industrial y comercial, est\u00e1n sujetos a derechos de propiedad intelectual e industrial de La Empresa o de terceros titulares de los mismos que han autorizado debidamente su inclusi\u00f3n en las diferentes websites.<br>Los contenidos, im\u00e1genes, formas, opiniones, \u00edndices y otras expresiones formales que formen parte de las p\u00e1ginas web, as\u00ed como el programa necesario para el funcionamiento y visualizaci\u00f3n de las mismas, constituyen as\u00ed mismo una obra seg\u00fan el Derecho de Autor y quedan , por tanto, protegidas por las convenciones internacionales y legislaciones nacionales en materia de Propiedad Intelectual que resulten aplicables.<br>El incumplimiento ya se\u00f1alado implica la comisi\u00f3n de graves actos il\u00edcitos y la sanci\u00f3n pertinente por la legislaci\u00f3n civil y penal.<br>Queda prohibido todo acto por virtud del cual los usuarios de estos servicios o contenidos puedan explotar o servirse comercialmente, directa o indirectamente, en su totalidad o parcialmente, de cualquier de los contenidos, im\u00e1genes, formas, \u00edndices y otras expresiones formales que formen parte de las p\u00e1ginas web sin permiso previo y por escrito de La Empresa.<br>En concreto y sin car\u00e1cter exhaustivo, quedan prohibidos los actos de reproducci\u00f3n, distribuci\u00f3n, exhibici\u00f3n, transmisi\u00f3n, retransmisi\u00f3n, emisi\u00f3n en cualquier forma, almacenando en soportes f\u00edsicos o log\u00edsticos ( por ejemplo, memorias usb o disco duro de ordenador), digitalizar o poner a disposici\u00f3n desde bases de datos diferentes de las pertenecientes a las autorizadas por La Empresa, as\u00ed como su traducci\u00f3n, adaptaci\u00f3n, o cualquier otra transformaci\u00f3n de estas opiniones, im\u00e1genes, formas, \u00edndices y otras expresiones formales que se pongan a disposici\u00f3n de los usuarios a trav\u00e9s de los servicios o contenidos, en cualquier caso est\u00e1n sujetos a la legislaci\u00f3n aplicables en materia de Propiedad intelectual, industrial o de Protecci\u00f3n de la imagen.<br>La Empresa es libre de limitar el acceso a las p\u00e1ginas web, y a los productos y o servicios en ellos ofertados, as\u00ed como la consiguiente publicaci\u00f3n de las opiniones, observaciones, im\u00e1genes o comentarios que los usuarios puedan hacer llegar a trav\u00e9s de mail.<br>La Empresa en este sentido podr\u00e1 establecer, si lo considera oportuno, sin perjuicio de la \u00fanica y exclusiva responsabilidad de los usuarios, los filtros necesarios a fin de evitar que a trav\u00e9s de sus p\u00e1ginas web puedan colgarse a la red contenidos u opiniones, consideradas como racistas, xen\u00f3fobos, discriminatorias, pornogr\u00e1ficas, difamatorias o que, de cualquier manera, fomenten la violencia o la diseminaci\u00f3n de contenidos claramente il\u00edcitos o nocivos.<br>Aquellos usuarios que env\u00eden a las p\u00e1ginas web de La Empresa, a su departamento de sugerencias, observaciones, opiniones o comentarios por medio del servicio de correo electr\u00f3nico, aparte de que expresen de manera cierta e inconfundible lo contrario, en los casos en los que por la naturaleza del servicio o contenido esto sea posible, se entiende que autoriza a La Empresa para la reproducci\u00f3n, distribuci\u00f3n, exhibici\u00f3n, transmisi\u00f3n, retrasmisi\u00f3n, emisi\u00f3n en cualquier forma, almacenarlos en soportes f\u00edsicos o log\u00edsticos (por ejemplo memoria usb o disco duro de ordenador), digitalizar, puesta a disposici\u00f3n desde bases de datos pertenecientes a La Empresa, traducci\u00f3n, adaptaci\u00f3n, o cualquier otra transformaci\u00f3n de las observaciones, opiniones, o comentarios, por todo el tiempo de protecci\u00f3n de derecho de autor que este previsto legalmente. As\u00ed mismo, se entiende que esta autorizaci\u00f3n se hace a t\u00edtulo gratuito, y que por el solo hecho de enviar por email tales observaciones, opiniones o comentarios, los usuarios declinan cualquier pretensi\u00f3n remunerar\u00eda por parte de La Empresa.<br>De acuerdo con lo se\u00f1alado en el p\u00e1rrafo anterior, La Empresa queda autorizada igualmente para proceder a la modificaci\u00f3n o alteraci\u00f3n de tales observaciones, opiniones o comentarios, a fin de adaptarlos a las necesidades de formato editorial de las p\u00e1ginas web, sin que por eso pueda entenderse que existe en absoluto cualquier tipo de lesi\u00f3n en cualquier de las facultades morales de derecho de autor que los usuarios pudieran ostentar sobre aquellas.<br>Quedan prohibidas cualquier recurso t\u00e9cnico, log\u00edstico o tecnol\u00f3gico, por virtud de cualquier tercero pueda beneficiarse, directa o indirectamente, con o sin lucro, de todos y cada uno de los contenidos, formas, \u00edndices, y otras expresiones formales que formen parte de lasp\u00e1ginas web, o del esfuerzo llevado a t\u00e9rmino por La Empresa para su funcionamiento. En concreto, queda prohibido todo link, hyperlink, framing o vinculo similar que pueda establecerse en direcci\u00f3n de las p\u00e1ginas web de La Empresa, sin consentimiento previo, expreso y por escrito de La Empresa. Cualquier trasgresi\u00f3n del dispuesto en este punto ser\u00e1 considerado como lesi\u00f3n de los derechos de Propiedad intelectual de La Empresa sobre lasp\u00e1ginas web y todos los contenidos de las mismas.<br>La Empresa no asumir\u00e1 responsabilidad alguna ante las consecuencias derivadas de las conductas y actuaciones antes citadas, de la misma manera que no asumir\u00e1 responsabilidad alguna por contenidos, servicios, productos, etc\u2026. De terceros los cualespuedan acceder directamente o a trav\u00e9s de banners, enlaces, links, hyperlinks o v\u00ednculos similares de los websites de La Empresa.<\/p>\n","protected":false},"excerpt":{"rendered":"<p>&#8211; Objetivo de la pol\u00edtica de privacidadCHICSTAYS S.L. Informa a los usuarios que cumple con la normativa vigente sobre materia de protecci\u00f3n de datos, y especialmente con el REGLAMENTO EUROPEO DE PROTECCI\u00d3N DE DATOS. REGLAMENTO (UE) 2016\/679 DEL PARLAMENTO EUROPEO Y DEL CONSEJO de 25 de Mayo de 2016. Titular: CHICSTAYS S.L. a partir de [&hellip;]<\/p>\n","protected":false},"author":1,"featured_media":20612,"parent":0,"menu_order":0,"comment_status":"closed","ping_status":"closed","template":"","meta":{"_acf_changed":false,"footnotes":""},"class_list":["post-21998","page","type-page","status-publish","has-post-thumbnail","hentry"],"acf":[],"_links":{"self":[{"href":"https:\/\/blackswanhostels.com\/es\/wp-json\/wp\/v2\/pages\/21998","targetHints":{"allow":["GET"]}}],"collection":[{"href":"https:\/\/blackswanhostels.com\/es\/wp-json\/wp\/v2\/pages"}],"about":[{"href":"https:\/\/blackswanhostels.com\/es\/wp-json\/wp\/v2\/types\/page"}],"author":[{"embeddable":true,"href":"https:\/\/blackswanhostels.com\/es\/wp-json\/wp\/v2\/users\/1"}],"replies":[{"embeddable":true,"href":"https:\/\/blackswanhostels.com\/es\/wp-json\/wp\/v2\/comments?post=21998"}],"version-history":[{"count":1,"href":"https:\/\/blackswanhostels.com\/es\/wp-json\/wp\/v2\/pages\/21998\/revisions"}],"predecessor-version":[{"id":22000,"href":"https:\/\/blackswanhostels.com\/es\/wp-json\/wp\/v2\/pages\/21998\/revisions\/22000"}],"wp:featuredmedia":[{"embeddable":true,"href":"https:\/\/blackswanhostels.com\/es\/wp-json\/wp\/v2\/media\/20612"}],"wp:attachment":[{"href":"https:\/\/blackswanhostels.com\/es\/wp-json\/wp\/v2\/media?parent=21998"}],"curies":[{"name":"wp","href":"https:\/\/api.w.org\/{rel}","templated":true}]}}