{"id":22051,"date":"2024-12-03T14:03:47","date_gmt":"2024-12-03T14:03:47","guid":{"rendered":"https:\/\/blackswanhostels.com\/aviso-legal\/"},"modified":"2024-12-03T14:09:40","modified_gmt":"2024-12-03T14:09:40","slug":"aviso-legal","status":"publish","type":"page","link":"https:\/\/blackswanhostels.com\/es\/aviso-legal\/","title":{"rendered":"Aviso Legal"},"content":{"rendered":"\n<p>Este sitio web es operado por CHICSTAYS S.L., con domicilio en Calle Bailen 3, pal, 08010 BARCELONA, NIF, B651211618 inscrita en Registro Mercantil de Barcelona. Para contactar con nosotros, puede escribir a <a>info@chicstays.com<\/a> o llamarnos al 930505010 <\/p>\n\n<p><strong>Propiedad intelectual<\/strong><\/p>\n\n<p>Los contenidos de este sitio web, incluyendo textos, im\u00e1genes, logotipos, gr\u00e1ficos, videos y software, son propiedad de CHICSTAYS S.L. o de terceros que han autorizado su uso. Queda prohibida su reproducci\u00f3n, distribuci\u00f3n o modificaci\u00f3n sin el consentimiento previo de los titulares de los derechos. <\/p>\n\n<p><strong>Condiciones de uso<\/strong><\/p>\n\n<p>El acceso y uso de este sitio web implica la aceptaci\u00f3n plena de estas condiciones. CHICSTAYS S.L. se reserva el derecho de modificar el contenido del sitio y las condiciones de acceso en cualquier momento. <\/p>\n\n<p><strong>Responsabilidad<\/strong><\/p>\n\n<p>La informaci\u00f3n proporcionada en este sitio web se ofrece con fines informativos. CHICSTAYS S.L. no garantiza la exactitud o la fiabilidad del contenido y no se hace responsable de los da\u00f1os que puedan derivarse del uso del sitio. <\/p>\n\n<p><strong>Pol\u00edtica de privacidad y cookies<\/strong><\/p>\n\n<p>Este sitio web recopila datos personales de los usuarios conforme a nuestra Pol\u00edtica de privacidad. Para m\u00e1s informaci\u00f3n sobre las cookies, consulte nuestra Pol\u00edtica de cookies. <\/p>\n\n<p><strong>Enlaces a terceros<\/strong><\/p>\n\n<p>Este sitio puede contener enlaces a p\u00e1ginas externas. CHICSTAYS S.L. no se responsabiliza del contenido o las pol\u00edticas de esos sitios. <\/p>\n\n<p><strong>Ley aplicable y jurisdicci\u00f3n<\/strong><\/p>\n\n<p>Este aviso legal se regir\u00e1 por la legislaci\u00f3n espa\u00f1ola. Cualquier disputa se resolver\u00e1 en los tribunales de Barcelona. <\/p>\n\n<p><strong>Modificaci\u00f3n del aviso legal<\/strong><\/p>\n\n<p>Nos reservamos el derecho de modificar este aviso legal en cualquier momento. Los cambios entrar\u00e1n en vigor desde su publicaci\u00f3n en esta p\u00e1gina. <\/p>\n\n<p><\/p>\n","protected":false},"excerpt":{"rendered":"<p>Este sitio web es operado por CHICSTAYS S.L., con domicilio en Calle Bailen 3, pal, 08010 BARCELONA, NIF, B651211618 inscrita en Registro Mercantil de Barcelona. Para contactar con nosotros, puede escribir a info@chicstays.com o llamarnos al 930505010 Propiedad intelectual Los contenidos de este sitio web, incluyendo textos, im\u00e1genes, logotipos, gr\u00e1ficos, videos y software, son propiedad [&hellip;]<\/p>\n","protected":false},"author":1,"featured_media":20612,"parent":0,"menu_order":0,"comment_status":"closed","ping_status":"closed","template":"","meta":{"_acf_changed":false,"footnotes":""},"class_list":["post-22051","page","type-page","status-publish","has-post-thumbnail","hentry"],"acf":[],"_links":{"self":[{"href":"https:\/\/blackswanhostels.com\/es\/wp-json\/wp\/v2\/pages\/22051","targetHints":{"allow":["GET"]}}],"collection":[{"href":"https:\/\/blackswanhostels.com\/es\/wp-json\/wp\/v2\/pages"}],"about":[{"href":"https:\/\/blackswanhostels.com\/es\/wp-json\/wp\/v2\/types\/page"}],"author":[{"embeddable":true,"href":"https:\/\/blackswanhostels.com\/es\/wp-json\/wp\/v2\/users\/1"}],"replies":[{"embeddable":true,"href":"https:\/\/blackswanhostels.com\/es\/wp-json\/wp\/v2\/comments?post=22051"}],"version-history":[{"count":1,"href":"https:\/\/blackswanhostels.com\/es\/wp-json\/wp\/v2\/pages\/22051\/revisions"}],"predecessor-version":[{"id":22052,"href":"https:\/\/blackswanhostels.com\/es\/wp-json\/wp\/v2\/pages\/22051\/revisions\/22052"}],"wp:featuredmedia":[{"embeddable":true,"href":"https:\/\/blackswanhostels.com\/es\/wp-json\/wp\/v2\/media\/20612"}],"wp:attachment":[{"href":"https:\/\/blackswanhostels.com\/es\/wp-json\/wp\/v2\/media?parent=22051"}],"curies":[{"name":"wp","href":"https:\/\/api.w.org\/{rel}","templated":true}]}}